 {"id":3339,"date":"2018-11-26T13:58:44","date_gmt":"2018-11-26T13:58:44","guid":{"rendered":"https:\/\/translations.openthebible.org\/sample-page\/"},"modified":"2022-06-09T01:38:27","modified_gmt":"2022-06-09T06:38:27","slug":"sample-page","status":"publish","type":"page","link":"https:\/\/translations.openthebible.org\/sq\/","title":{"rendered":"Home\/My Library"},"content":{"rendered":"","protected":false},"excerpt":{"rendered":"","protected":false},"author":1,"featured_media":0,"parent":0,"menu_order":0,"comment_status":"closed","ping_status":"closed","template":"templates\/tpl-front-page.php","meta":[],"yoast_head":"<!-- This site is optimized with the Yoast SEO plugin v17.4 - https:\/\/yoast.com\/wordpress\/plugins\/seo\/ -->\n<title>Hape Bibl\u00ebn - Udh\u00ebtimi yt p\u00ebrmes Bibl\u00ebs<\/title>\n<meta name=\"description\" content=\"Bibla \u00ebsht\u00eb historia q\u00eb fillon n\u00eb nj\u00eb kopsht, dhe mbaron n\u00eb nj\u00eb qytet, dhe gjat\u00eb gjith\u00eb rrug\u00ebs na drejton tek Jezu Krishti. Hape Bibl\u00ebn \u00ebsht\u00eb udh\u00ebtimi yt i sh\u00ebnjuar p\u00ebrmes k\u00ebsaj historie t\u00eb fuqishme dhe jet\u00eb ndryshuese.\" \/>\n<meta name=\"robots\" content=\"index, follow, max-snippet:-1, max-image-preview:large, max-video-preview:-1\" \/>\n<link rel=\"canonical\" href=\"https:\/\/translations.openthebible.org\/sq\/\" \/>\n<meta property=\"og:locale\" content=\"sq_AL\" \/>\n<meta property=\"og:type\" content=\"article\" \/>\n<meta property=\"og:title\" content=\"Open\" \/>\n<meta property=\"og:description\" content=\"Bibla \u00ebsht\u00eb historia q\u00eb fillon n\u00eb nj\u00eb kopsht, dhe mbaron n\u00eb nj\u00eb qytet, dhe gjat\u00eb gjith\u00eb rrug\u00ebs na drejton tek Jezu Krishti. Hape Bibl\u00ebn \u00ebsht\u00eb udh\u00ebtimi yt i sh\u00ebnjuar p\u00ebrmes k\u00ebsaj historie t\u00eb fuqishme dhe jet\u00eb ndryshuese.\" \/>\n<meta property=\"og:url\" content=\"https:\/\/translations.openthebible.org\/sq\/\" \/>\n<meta property=\"og:site_name\" content=\"Hape Bibl\u00ebn\" \/>\n<meta property=\"article:publisher\" content=\"https:\/\/www.facebook.com\/translations.openthebible.org\/\" \/>\n<meta property=\"article:modified_time\" content=\"2022-06-09T06:38:27+00:00\" \/>\n<meta property=\"og:image\" content=\"https:\/\/translations.openthebible.org\/wp-content\/uploads\/2019\/01\/Layer-4_6092f4_web_version.jpg\" \/>\n\t<meta property=\"og:image:width\" content=\"1000\" \/>\n\t<meta property=\"og:image:height\" content=\"325\" \/>\n<meta name=\"twitter:card\" content=\"summary_large_image\" \/>\n<meta name=\"twitter:title\" content=\"Open\" \/>\n<meta name=\"twitter:image\" content=\"https:\/\/translations.openthebible.org\/wp-content\/uploads\/2019\/01\/Layer-4_6092f4_web_version.jpg\" \/>\n<script type=\"application\/ld+json\" class=\"yoast-schema-graph\">{\"@context\":\"https:\/\/schema.org\",\"@graph\":[{\"@type\":\"Organization\",\"@id\":\"https:\/\/translations.openthebible.org\/sq\/#organization\",\"name\":\"Open the Bible\",\"url\":\"https:\/\/translations.openthebible.org\/sq\/\",\"sameAs\":[\"https:\/\/www.facebook.com\/translations.openthebible.org\/\",\"https:\/\/www.instagram.com\/openthebible_org\/\"],\"logo\":{\"@type\":\"ImageObject\",\"@id\":\"https:\/\/translations.openthebible.org\/sq\/#logo\",\"inLanguage\":\"sq-AL\",\"url\":\"https:\/\/translations.openthebible.org\/wp-content\/uploads\/2019\/10\/open-blue-transparent.png\",\"contentUrl\":\"https:\/\/translations.openthebible.org\/wp-content\/uploads\/2019\/10\/open-blue-transparent.png\",\"width\":796,\"height\":258,\"caption\":\"Open the Bible\"},\"image\":{\"@id\":\"https:\/\/translations.openthebible.org\/sq\/#logo\"}},{\"@type\":\"WebSite\",\"@id\":\"https:\/\/translations.openthebible.org\/sq\/#website\",\"url\":\"https:\/\/translations.openthebible.org\/sq\/\",\"name\":\"Hape Bibl\\u00ebn\",\"description\":\"\",\"publisher\":{\"@id\":\"https:\/\/translations.openthebible.org\/sq\/#organization\"},\"potentialAction\":[{\"@type\":\"SearchAction\",\"target\":{\"@type\":\"EntryPoint\",\"urlTemplate\":\"https:\/\/translations.openthebible.org\/sq\/?s={search_term_string}\"},\"query-input\":\"required name=search_term_string\"}],\"inLanguage\":\"sq-AL\"},{\"@type\":\"ImageObject\",\"@id\":\"https:\/\/translations.openthebible.org\/sq\/#primaryimage\",\"inLanguage\":\"sq-AL\",\"url\":\"https:\/\/translations.openthebible.org\/wp-content\/uploads\/2019\/01\/Layer-4_6092f4_web_version.jpg\",\"contentUrl\":\"https:\/\/translations.openthebible.org\/wp-content\/uploads\/2019\/01\/Layer-4_6092f4_web_version.jpg\",\"width\":1000,\"height\":325},{\"@type\":\"WebPage\",\"@id\":\"https:\/\/translations.openthebible.org\/sq\/#webpage\",\"url\":\"https:\/\/translations.openthebible.org\/sq\/\",\"name\":\"Hape Bibl\\u00ebn - Udh\\u00ebtimi yt p\\u00ebrmes Bibl\\u00ebs\",\"isPartOf\":{\"@id\":\"https:\/\/translations.openthebible.org\/sq\/#website\"},\"datePublished\":\"2018-11-26T13:58:44+00:00\",\"dateModified\":\"2022-06-09T06:38:27+00:00\",\"description\":\"Bibla \\u00ebsht\\u00eb historia q\\u00eb fillon n\\u00eb nj\\u00eb kopsht, dhe mbaron n\\u00eb nj\\u00eb qytet, dhe gjat\\u00eb gjith\\u00eb rrug\\u00ebs na drejton tek Jezu Krishti. Hape Bibl\\u00ebn \\u00ebsht\\u00eb udh\\u00ebtimi yt i sh\\u00ebnjuar p\\u00ebrmes k\\u00ebsaj historie t\\u00eb fuqishme dhe jet\\u00eb ndryshuese.\",\"breadcrumb\":{\"@id\":\"https:\/\/translations.openthebible.org\/sq\/#breadcrumb\"},\"inLanguage\":\"sq-AL\",\"potentialAction\":[{\"@type\":\"ReadAction\",\"target\":[\"https:\/\/translations.openthebible.org\/sq\/\"]}]},{\"@type\":\"BreadcrumbList\",\"@id\":\"https:\/\/translations.openthebible.org\/sq\/#breadcrumb\",\"itemListElement\":[{\"@type\":\"ListItem\",\"position\":1,\"name\":\"Home\",\"item\":\"https:\/\/translations.openthebible.org\/sq\/\"},{\"@type\":\"ListItem\",\"position\":2,\"name\":\"Home\/My Library\"}]}]}<\/script>\n<!-- \/ Yoast SEO plugin. -->","yoast_head_json":{"title":"Hape Bibl\u00ebn - Udh\u00ebtimi yt p\u00ebrmes Bibl\u00ebs","description":"Bibla \u00ebsht\u00eb historia q\u00eb fillon n\u00eb nj\u00eb kopsht, dhe mbaron n\u00eb nj\u00eb qytet, dhe gjat\u00eb gjith\u00eb rrug\u00ebs na drejton tek Jezu Krishti. Hape Bibl\u00ebn \u00ebsht\u00eb udh\u00ebtimi yt i sh\u00ebnjuar p\u00ebrmes k\u00ebsaj historie t\u00eb fuqishme dhe jet\u00eb ndryshuese.","robots":{"index":"index","follow":"follow","max-snippet":"max-snippet:-1","max-image-preview":"max-image-preview:large","max-video-preview":"max-video-preview:-1"},"canonical":"https:\/\/translations.openthebible.org\/sq\/","og_locale":"sq_AL","og_type":"article","og_title":"Open","og_description":"Bibla \u00ebsht\u00eb historia q\u00eb fillon n\u00eb nj\u00eb kopsht, dhe mbaron n\u00eb nj\u00eb qytet, dhe gjat\u00eb gjith\u00eb rrug\u00ebs na drejton tek Jezu Krishti. Hape Bibl\u00ebn \u00ebsht\u00eb udh\u00ebtimi yt i sh\u00ebnjuar p\u00ebrmes k\u00ebsaj historie t\u00eb fuqishme dhe jet\u00eb ndryshuese.","og_url":"https:\/\/translations.openthebible.org\/sq\/","og_site_name":"Hape Bibl\u00ebn","article_publisher":"https:\/\/www.facebook.com\/translations.openthebible.org\/","article_modified_time":"2022-06-09T06:38:27+00:00","og_image":[{"width":1000,"height":325,"url":"https:\/\/translations.openthebible.org\/wp-content\/uploads\/2019\/01\/Layer-4_6092f4_web_version.jpg","type":"image\/jpeg"}],"twitter_card":"summary_large_image","twitter_title":"Open","twitter_image":"https:\/\/translations.openthebible.org\/wp-content\/uploads\/2019\/01\/Layer-4_6092f4_web_version.jpg","schema":{"@context":"https:\/\/schema.org","@graph":[{"@type":"Organization","@id":"https:\/\/translations.openthebible.org\/sq\/#organization","name":"Open the Bible","url":"https:\/\/translations.openthebible.org\/sq\/","sameAs":["https:\/\/www.facebook.com\/translations.openthebible.org\/","https:\/\/www.instagram.com\/openthebible_org\/"],"logo":{"@type":"ImageObject","@id":"https:\/\/translations.openthebible.org\/sq\/#logo","inLanguage":"sq-AL","url":"https:\/\/translations.openthebible.org\/wp-content\/uploads\/2019\/10\/open-blue-transparent.png","contentUrl":"https:\/\/translations.openthebible.org\/wp-content\/uploads\/2019\/10\/open-blue-transparent.png","width":796,"height":258,"caption":"Open the Bible"},"image":{"@id":"https:\/\/translations.openthebible.org\/sq\/#logo"}},{"@type":"WebSite","@id":"https:\/\/translations.openthebible.org\/sq\/#website","url":"https:\/\/translations.openthebible.org\/sq\/","name":"Hape Bibl\u00ebn","description":"","publisher":{"@id":"https:\/\/translations.openthebible.org\/sq\/#organization"},"potentialAction":[{"@type":"SearchAction","target":{"@type":"EntryPoint","urlTemplate":"https:\/\/translations.openthebible.org\/sq\/?s={search_term_string}"},"query-input":"required name=search_term_string"}],"inLanguage":"sq-AL"},{"@type":"ImageObject","@id":"https:\/\/translations.openthebible.org\/sq\/#primaryimage","inLanguage":"sq-AL","url":"https:\/\/translations.openthebible.org\/wp-content\/uploads\/2019\/01\/Layer-4_6092f4_web_version.jpg","contentUrl":"https:\/\/translations.openthebible.org\/wp-content\/uploads\/2019\/01\/Layer-4_6092f4_web_version.jpg","width":1000,"height":325},{"@type":"WebPage","@id":"https:\/\/translations.openthebible.org\/sq\/#webpage","url":"https:\/\/translations.openthebible.org\/sq\/","name":"Hape Bibl\u00ebn - Udh\u00ebtimi yt p\u00ebrmes Bibl\u00ebs","isPartOf":{"@id":"https:\/\/translations.openthebible.org\/sq\/#website"},"datePublished":"2018-11-26T13:58:44+00:00","dateModified":"2022-06-09T06:38:27+00:00","description":"Bibla \u00ebsht\u00eb historia q\u00eb fillon n\u00eb nj\u00eb kopsht, dhe mbaron n\u00eb nj\u00eb qytet, dhe gjat\u00eb gjith\u00eb rrug\u00ebs na drejton tek Jezu Krishti. Hape Bibl\u00ebn \u00ebsht\u00eb udh\u00ebtimi yt i sh\u00ebnjuar p\u00ebrmes k\u00ebsaj historie t\u00eb fuqishme dhe jet\u00eb ndryshuese.","breadcrumb":{"@id":"https:\/\/translations.openthebible.org\/sq\/#breadcrumb"},"inLanguage":"sq-AL","potentialAction":[{"@type":"ReadAction","target":["https:\/\/translations.openthebible.org\/sq\/"]}]},{"@type":"BreadcrumbList","@id":"https:\/\/translations.openthebible.org\/sq\/#breadcrumb","itemListElement":[{"@type":"ListItem","position":1,"name":"Home","item":"https:\/\/translations.openthebible.org\/sq\/"},{"@type":"ListItem","position":2,"name":"Home\/My Library"}]}]}},"_links":{"self":[{"href":"https:\/\/translations.openthebible.org\/sq\/wp-json\/wp\/v2\/pages\/3339"}],"collection":[{"href":"https:\/\/translations.openthebible.org\/sq\/wp-json\/wp\/v2\/pages"}],"about":[{"href":"https:\/\/translations.openthebible.org\/sq\/wp-json\/wp\/v2\/types\/page"}],"author":[{"embeddable":true,"href":"https:\/\/translations.openthebible.org\/sq\/wp-json\/wp\/v2\/users\/1"}],"replies":[{"embeddable":true,"href":"https:\/\/translations.openthebible.org\/sq\/wp-json\/wp\/v2\/comments?post=3339"}],"version-history":[{"count":0,"href":"https:\/\/translations.openthebible.org\/sq\/wp-json\/wp\/v2\/pages\/3339\/revisions"}],"wp:attachment":[{"href":"https:\/\/translations.openthebible.org\/sq\/wp-json\/wp\/v2\/media?parent=3339"}],"curies":[{"name":"wp","href":"https:\/\/api.w.org\/{rel}","templated":true}]}}